{"id":15285,"date":"2021-02-26T10:56:02","date_gmt":"2021-02-26T18:56:02","guid":{"rendered":"https:\/\/test.megasonex.org\/scraper\/"},"modified":"2024-04-17T07:30:32","modified_gmt":"2024-04-17T14:30:32","slug":"scraper","status":"publish","type":"product","link":"https:\/\/test.megasonex.org\/pl\/scraper\/","title":{"rendered":"Skrobak do j\u0119zyka"},"content":{"rendered":"<p>Czyszczenie j\u0119zyka jest istotn\u0105 cz\u0119\u015bci\u0105 Twojej codziennej higieny jamy ustnej. Na j\u0119zyku gromadz\u0105 si\u0119 miliony bakterii tworz\u0105cych p\u0142ytk\u0119 naz\u0119bn\u0105, pr\u00f3chnic\u0119, cuchn\u0105cy oddech (nie\u015bwie\u017cy oddech) i inne problemy ze zdrowiem jamy ustnej, dlatego nale\u017cy je codziennie usuwa\u0107. Jednak istniej\u0105ce metody czyszczenia j\u0119zyka s\u0105 do\u015b\u0107 prymitywne.<\/p>\n<p>Ultrad\u017awi\u0119kowy Skrobak do J\u0119zyka\u2122 MEGASONEX\u00ae usuwa je dzi\u0119ki innowacyjnemu potr\u00f3jnemu procesowi dzia\u0142ania. Ci\u0105g\u0142e terapeutyczne ultrad\u017awi\u0119ki 1.6MHz, kt\u00f3re, <a href= \"https:\/\/www.ncbi.nlm.nih.gov\/pubmed\/26846041\n\">jak wykazano<\/a>, rozdzieraj\u0105 \u0142a\u0144cuchy bakteryjne, s\u0105 uzupe\u0142niane przez wibracje d\u017awi\u0119kowe, podczas gdy tarcie spowodowane przesuwaniem przedniej kraw\u0119dzi skrobaczki po powierzchni j\u0119zyka zdrapuje to, co pozosta\u0142o. Dzi\u0119ki temu powietrze wnika g\u0142\u0119boko w fa\u0142dy j\u0119zyka pokryte wcze\u015bniej warstw\u0105 bakterii, wprowadzaj\u0105c tlen, kt\u00f3ry \u015bmiertelnie zatruwa szkodliwe bakterie beztlenowe znajduj\u0105ce si\u0119 pod spodem.<\/p>\n<p>Ten dodatek to wszystko, czego potrzebujesz, aby zmieni\u0107 szczoteczk\u0119 MEGASONEX\u00ae w najpot\u0119\u017cniejsz\u0105 na \u015bwiecie maszyn\u0119 do czyszczenia j\u0119zyka.<br \/>\n<script>if ($(window).width() < 480) {$(\"h3.page-title\").css(\"letter-spacing\",\"-0.08em\");}<\/script><\/p>\n","protected":false},"excerpt":{"rendered":"<p>Ultrad\u017awi\u0119kowy skrobak do j\u0119zyka<\/p>\n","protected":false},"featured_media":14856,"comment_status":"open","ping_status":"closed","template":"","meta":{"_acf_changed":false},"product_brand":[],"product_cat":[299],"product_tag":[],"class_list":{"0":"post-15285","1":"product","2":"type-product","3":"status-publish","4":"has-post-thumbnail","6":"product_cat-megasonex","8":"first","9":"instock","10":"shipping-taxable","11":"purchasable","12":"product-type-simple"},"acf":[],"_links":{"self":[{"href":"https:\/\/test.megasonex.org\/pl\/wp-json\/wp\/v2\/product\/15285","targetHints":{"allow":["GET"]}}],"collection":[{"href":"https:\/\/test.megasonex.org\/pl\/wp-json\/wp\/v2\/product"}],"about":[{"href":"https:\/\/test.megasonex.org\/pl\/wp-json\/wp\/v2\/types\/product"}],"replies":[{"embeddable":true,"href":"https:\/\/test.megasonex.org\/pl\/wp-json\/wp\/v2\/comments?post=15285"}],"wp:featuredmedia":[{"embeddable":true,"href":"https:\/\/test.megasonex.org\/pl\/wp-json\/wp\/v2\/media\/14856"}],"wp:attachment":[{"href":"https:\/\/test.megasonex.org\/pl\/wp-json\/wp\/v2\/media?parent=15285"}],"wp:term":[{"taxonomy":"product_brand","embeddable":true,"href":"https:\/\/test.megasonex.org\/pl\/wp-json\/wp\/v2\/product_brand?post=15285"},{"taxonomy":"product_cat","embeddable":true,"href":"https:\/\/test.megasonex.org\/pl\/wp-json\/wp\/v2\/product_cat?post=15285"},{"taxonomy":"product_tag","embeddable":true,"href":"https:\/\/test.megasonex.org\/pl\/wp-json\/wp\/v2\/product_tag?post=15285"}],"curies":[{"name":"wp","href":"https:\/\/api.w.org\/{rel}","templated":true}]}}