{"id":15236,"date":"2021-02-26T10:56:02","date_gmt":"2021-02-26T18:56:02","guid":{"rendered":"https:\/\/test.megasonex.org\/scraper\/"},"modified":"2024-04-14T16:26:13","modified_gmt":"2024-04-14T23:26:13","slug":"scraper","status":"publish","type":"product","link":"https:\/\/test.megasonex.org\/de\/scraper\/","title":{"rendered":"Zungenreiniger"},"content":{"rendered":"<p>Die Reinigung der Zunge ist ein wesentlicher Bestandteil der t\u00e4glichen Mundhygiene. Auf der Zunge sammeln sich Millionen von Bakterien an, die Plaque, Karies, Mundgeruch und andere Mundgesundheitsprobleme verursachen und t\u00e4glich entfernt werden sollten. Die bisher verf\u00fcgbaren Zungenreinigungsmethoden waren jedoch immer recht grob.<\/p>\n<p>Der MEGASONEX\u00ae Ultraschallzungenreiniger entfernt Bakterien mit einem innovativen Verfahren mit Dreifach-Wirkung. Ein kontinuierlicher therapeutischer 1,6 MHz-Ultraschall, der <a href= \"https:\/\/www.ncbi.nlm.nih.gov\/pubmed\/26846041\n\">nachweislich<\/a> Bakterienketten aufbricht, wird durch Schallschwingungen erg\u00e4nzt, w\u00e4hrend die Reibung durch Bewegen der Vorderkante des Schabers \u00fcber die Zungenoberfl\u00e4che die R\u00fcckst\u00e4nde abkratzt. Dadurch kann die Luft tief in die Zungenfalten eindringen, die zuvor von einem Bakterienfilm bedeckt waren, und Sauerstoff einbringen, der die sch\u00e4dlichen anaeroben Bakterien darunter t\u00f6dlich vergiftet.<\/p>\n<p>Dieser Aufsatz ist alles, was Sie brauchen, um Ihre MEGASONEX\u00ae-Zahnb\u00fcrste in das leistungsf\u00e4higste Zungenreinigungsger\u00e4t der Welt zu verwandeln.<\/p>\n","protected":false},"excerpt":{"rendered":"<p>Ultraschall-Zungenschaber-Aufsatz<\/p>\n","protected":false},"featured_media":14850,"comment_status":"open","ping_status":"closed","template":"","meta":{"_acf_changed":false},"product_brand":[],"product_cat":[300],"product_tag":[],"class_list":{"0":"post-15236","1":"product","2":"type-product","3":"status-publish","4":"has-post-thumbnail","6":"product_cat-megasonex","8":"first","9":"instock","10":"shipping-taxable","11":"purchasable","12":"product-type-simple"},"acf":[],"_links":{"self":[{"href":"https:\/\/test.megasonex.org\/de\/wp-json\/wp\/v2\/product\/15236","targetHints":{"allow":["GET"]}}],"collection":[{"href":"https:\/\/test.megasonex.org\/de\/wp-json\/wp\/v2\/product"}],"about":[{"href":"https:\/\/test.megasonex.org\/de\/wp-json\/wp\/v2\/types\/product"}],"replies":[{"embeddable":true,"href":"https:\/\/test.megasonex.org\/de\/wp-json\/wp\/v2\/comments?post=15236"}],"wp:featuredmedia":[{"embeddable":true,"href":"https:\/\/test.megasonex.org\/de\/wp-json\/wp\/v2\/media\/14850"}],"wp:attachment":[{"href":"https:\/\/test.megasonex.org\/de\/wp-json\/wp\/v2\/media?parent=15236"}],"wp:term":[{"taxonomy":"product_brand","embeddable":true,"href":"https:\/\/test.megasonex.org\/de\/wp-json\/wp\/v2\/product_brand?post=15236"},{"taxonomy":"product_cat","embeddable":true,"href":"https:\/\/test.megasonex.org\/de\/wp-json\/wp\/v2\/product_cat?post=15236"},{"taxonomy":"product_tag","embeddable":true,"href":"https:\/\/test.megasonex.org\/de\/wp-json\/wp\/v2\/product_tag?post=15236"}],"curies":[{"name":"wp","href":"https:\/\/api.w.org\/{rel}","templated":true}]}}