{"id":15234,"date":"2015-06-22T15:05:14","date_gmt":"2015-06-22T22:05:14","guid":{"rendered":"https:\/\/test.megasonex.org\/toothpaste\/"},"modified":"2024-04-14T06:52:08","modified_gmt":"2024-04-14T13:52:08","slug":"toothpaste","status":"publish","type":"product","link":"https:\/\/test.megasonex.org\/de\/toothpaste\/","title":{"rendered":"Zahnpasta"},"content":{"rendered":"<p>Die MEGASONEX\u00ae Zahnpasta erfindet die Mundpflege neu.<\/p>\n<p>Das Geheimnis steckt im biomimetischen Nano-Hydroxylapatit, dem Hauptbestandteil des menschlichen Zahnschmelzes in der exakten Gr\u00f6\u00dfe von 20 bis 50 nm, die f\u00fcr eine effektive Remineralisierung des Zahnschmelzes erforderlich ist und den nat\u00fcrlichen Reparaturprozess des Mundes verst\u00e4rkt.<\/p>\n<p>Dieser Zusatz erm\u00f6glicht einen R\u00fcckgang von Initialkaries (Schmelzdemineralisationen) sowie eine Reduzierung der schmerzhaften Empfindlichkeit und eine nat\u00fcrliche Aufhellung der Z\u00e4hne. Gr\u00fcbchen und Fissuren in den Z\u00e4hnen werden mit nat\u00fcrlich wei\u00dfen Nanokristallen gef\u00fcllt, die f\u00fcr 97% des menschlichen Zahnschmelzes bioidentisch sind.<\/p>\n<p>Dank der Physik der Borstenwirkung modernerer Elektrozahnb\u00fcrsten war es m\u00f6glich, eine Formel ohne aggressive Chemikalien und umstrittene Inhaltsstoffe zusammenzustellen, die oft in herk\u00f6mmlichen Zahnpasten enthalten sind, einschlie\u00dflich Schaummittel wie SLS (Natriumlaurylsulfat), Parabene und andere Konservierungsmittel.<\/p>\n<p>Da unsere Zahnpasta Nano-Hydroxylapatit zur Bek\u00e4mpfung von Karies enth\u00e4lt, haben wir potentiell giftige Stoffe, einschlie\u00dflich Fluorid, entfernt, so dass sie auch f\u00fcr Kinder und eingeschr\u00e4nkte Personen sicher ist.<\/p>\n<p>Die Zahnpasta ist erfrischend und doch mild genug, um den Geschmack nicht zu beeintr\u00e4chtigen\u2026 sogar Orangensaft schmeckt direkt nach dem Putzen sehr gut. Probieren Sie es selbst und erleben Sie, warum unsere MEGASONEX\u00ae Zahnpasta wie keine andere ist.<\/p>\n","protected":false},"excerpt":{"rendered":"<p>Whitening Nano-Hydroxylapatit Zahnpasta<\/p>\n","protected":false},"featured_media":14810,"comment_status":"open","ping_status":"closed","template":"","meta":{"_acf_changed":false},"product_brand":[],"product_cat":[300],"product_tag":[],"class_list":{"0":"post-15234","1":"product","2":"type-product","3":"status-publish","4":"has-post-thumbnail","6":"product_cat-megasonex","8":"first","9":"instock","10":"shipping-taxable","11":"purchasable","12":"product-type-simple"},"acf":[],"_links":{"self":[{"href":"https:\/\/test.megasonex.org\/de\/wp-json\/wp\/v2\/product\/15234","targetHints":{"allow":["GET"]}}],"collection":[{"href":"https:\/\/test.megasonex.org\/de\/wp-json\/wp\/v2\/product"}],"about":[{"href":"https:\/\/test.megasonex.org\/de\/wp-json\/wp\/v2\/types\/product"}],"replies":[{"embeddable":true,"href":"https:\/\/test.megasonex.org\/de\/wp-json\/wp\/v2\/comments?post=15234"}],"wp:featuredmedia":[{"embeddable":true,"href":"https:\/\/test.megasonex.org\/de\/wp-json\/wp\/v2\/media\/14810"}],"wp:attachment":[{"href":"https:\/\/test.megasonex.org\/de\/wp-json\/wp\/v2\/media?parent=15234"}],"wp:term":[{"taxonomy":"product_brand","embeddable":true,"href":"https:\/\/test.megasonex.org\/de\/wp-json\/wp\/v2\/product_brand?post=15234"},{"taxonomy":"product_cat","embeddable":true,"href":"https:\/\/test.megasonex.org\/de\/wp-json\/wp\/v2\/product_cat?post=15234"},{"taxonomy":"product_tag","embeddable":true,"href":"https:\/\/test.megasonex.org\/de\/wp-json\/wp\/v2\/product_tag?post=15234"}],"curies":[{"name":"wp","href":"https:\/\/api.w.org\/{rel}","templated":true}]}}